{"id":2937,"date":"2023-09-21T12:10:05","date_gmt":"2023-09-21T10:10:05","guid":{"rendered":"https:\/\/www.projektion.fi\/?page_id=2937"},"modified":"2023-09-21T16:02:18","modified_gmt":"2023-09-21T14:02:18","slug":"blogs","status":"publish","type":"page","link":"https:\/\/www.projektion.fi\/en\/blogs\/","title":{"rendered":"Blogit"},"content":{"rendered":"<div class=\"wp-block-uagb-container uag-blocks-common-selector uagb-block-9ce0e232 alignfull uagb-is-root-container\"><div class=\"uagb-container-inner-blocks-wrap\">\n<div class=\"wp-block-uagb-container uagb-block-b8ed4058\">\n<div class=\"wp-block-uagb-info-box uagb-block-a8581810 uagb-infobox__content-wrap  uagb-infobox-icon-above-title uagb-infobox-image-valign-top\"><div class=\"uagb-ifb-content\"><div class=\"uagb-ifb-title-wrap\"><h2 class=\"uagb-ifb-title\">Blogit<\/h2><\/div><p class=\"uagb-ifb-desc\"><br><\/p><\/div><\/div>\n<\/div>\n\n\n\n<div class=\"wp-block-uagb-container uag-blocks-common-selector uagb-block-3290ab32\"><\/div>\n<\/div><\/div>\n\n\n\n<div style=\"height:100px\" aria-hidden=\"true\" class=\"wp-block-spacer\"><\/div>\n\n\n\n<div class=\"wp-block-query is-layout-flow wp-block-query-is-layout-flow\"><ul class=\"wp-block-post-template is-layout-flow wp-block-post-template-is-layout-flow\"><li class=\"wp-block-post post-2928 post type-post status-publish format-standard has-post-thumbnail hentry category-tekoaly-2 tag-chatgpt tag-hrteknologia tag-liiketoiminnankehittaminen tag-openai tag-tekoaly tag-tyovuorosuunnittelu\">\n\n<div class=\"wp-block-columns has-small-font-size is-layout-flex wp-container-core-columns-is-layout-1 wp-block-columns-is-layout-flex\" style=\"border-style:none;border-width:0px;border-radius:0px;margin-top:0;margin-bottom:0;padding-right:0;padding-left:0\">\n<div class=\"wp-block-column is-layout-flow wp-block-column-is-layout-flow\" style=\"flex-basis:44.44%\"><figure style=\"aspect-ratio:auto; padding-top:var(--wp--preset--spacing--20);padding-bottom:var(--wp--preset--spacing--20);margin-top:0;margin-bottom:0;margin-left:var(--wp--preset--spacing--70);margin-right:var(--wp--preset--spacing--70);\" class=\"wp-block-post-featured-image\"><a href=\"https:\/\/www.projektion.fi\/en\/2023\/09\/20\/tekoalyn-hyodyntaminen-tyovuorosuunnittelussa-mahdollistaa-kustannustehokkuuden-ja-henkilostokokemuksen-parantamisen\/\" target=\"_self\"  ><img loading=\"lazy\" decoding=\"async\" width=\"718\" height=\"405\" src=\"https:\/\/www.projektion.fi\/wp-content\/uploads\/2023\/07\/Nappaimisto.png\" class=\"attachment-post-thumbnail size-post-thumbnail wp-post-image\" alt=\"Teko\u00e4lyn hy\u00f6dynt\u00e4minen ty\u00f6vuorosuunnittelussa mahdollistaa kustannustehokkuuden ja henkil\u00f6st\u00f6kokemuksen parantamisen\" style=\"width:100%;height:100%;object-fit:cover;\" srcset=\"https:\/\/www.projektion.fi\/wp-content\/uploads\/2023\/07\/Nappaimisto.png 718w, https:\/\/www.projektion.fi\/wp-content\/uploads\/2023\/07\/Nappaimisto-300x169.png 300w\" sizes=\"(max-width: 718px) 100vw, 718px\" \/><\/a><\/figure><\/div>\n\n\n\n<div class=\"wp-block-column is-layout-flow wp-block-column-is-layout-flow\" style=\"flex-basis:55.56%\"><h5 style=\"padding-top:0;padding-bottom:0;\" class=\"wp-block-post-title\"><a href=\"https:\/\/www.projektion.fi\/en\/2023\/09\/20\/tekoalyn-hyodyntaminen-tyovuorosuunnittelussa-mahdollistaa-kustannustehokkuuden-ja-henkilostokokemuksen-parantamisen\/\" target=\"_self\" >Teko\u00e4lyn hy\u00f6dynt\u00e4minen ty\u00f6vuorosuunnittelussa mahdollistaa kustannustehokkuuden ja henkil\u00f6st\u00f6kokemuksen parantamisen<\/a><\/h5>\n\n<div class=\"taxonomy-post_tag wp-block-post-terms\"><a href=\"https:\/\/www.projektion.fi\/en\/tag\/chatgpt\/\" rel=\"tag\">ChatGPT<\/a><span class=\"wp-block-post-terms__separator\">, <\/span><a href=\"https:\/\/www.projektion.fi\/en\/tag\/hrteknologia\/\" rel=\"tag\">HRteknologia<\/a><span class=\"wp-block-post-terms__separator\">, <\/span><a href=\"https:\/\/www.projektion.fi\/en\/tag\/liiketoiminnankehittaminen\/\" rel=\"tag\">liiketoiminnankehitt\u00e4minen<\/a><span class=\"wp-block-post-terms__separator\">, <\/span><a href=\"https:\/\/www.projektion.fi\/en\/tag\/openai\/\" rel=\"tag\">OpenAI<\/a><span class=\"wp-block-post-terms__separator\">, <\/span><a href=\"https:\/\/www.projektion.fi\/en\/tag\/tekoaly\/\" rel=\"tag\">teko\u00e4ly<\/a><span class=\"wp-block-post-terms__separator\">, <\/span><a href=\"https:\/\/www.projektion.fi\/en\/tag\/tyovuorosuunnittelu\/\" rel=\"tag\">ty\u00f6vuorosuunnittelu<\/a><\/div>\n\n<div class=\"wp-block-post-excerpt\"><p class=\"wp-block-post-excerpt__excerpt\">Mietin kuinka hyvin nykyp\u00e4iv\u00e4n\u00e4 saatavilla oleva ChatGPT-teko\u00e4ly suoriutuu ty\u00f6vuorosuunnittelusta? Aihe on kiinnostavaa, koska ty\u00f6vuorosuunnittelu on paljon erilaisia ja monimutkaisia muuttujia sis\u00e4lt\u00e4v\u00e4 prosessi, ja jolla on merkitt\u00e4v\u00e4 vaikutus&hellip;<\/p><p class=\"wp-block-post-excerpt__more-text\"><a class=\"wp-block-post-excerpt__more-link\" href=\"https:\/\/www.projektion.fi\/en\/2023\/09\/20\/tekoalyn-hyodyntaminen-tyovuorosuunnittelussa-mahdollistaa-kustannustehokkuuden-ja-henkilostokokemuksen-parantamisen\/\"><a href=\"https:\/\/www.projektion.fi\/en\/2023\/09\/20\/tekoalyn-hyodyntaminen-tyovuorosuunnittelussa-mahdollistaa-kustannustehokkuuden-ja-henkilostokokemuksen-parantamisen\/\">Lue lis\u00e4\u00e4 \u00bb<\/a><\/a><\/p><\/div><\/div>\n<\/div>\n\n<\/li><li class=\"wp-block-post post-2912 post type-post status-publish format-standard has-post-thumbnail hentry category-projektijohtaminen tag-hr-jarjestelmat tag-hris tag-project-management\">\n\n<div class=\"wp-block-columns has-small-font-size is-layout-flex wp-container-core-columns-is-layout-2 wp-block-columns-is-layout-flex\" style=\"border-style:none;border-width:0px;border-radius:0px;margin-top:0;margin-bottom:0;padding-right:0;padding-left:0\">\n<div class=\"wp-block-column is-layout-flow wp-block-column-is-layout-flow\" style=\"flex-basis:44.44%\"><figure style=\"aspect-ratio:auto; padding-top:var(--wp--preset--spacing--20);padding-bottom:var(--wp--preset--spacing--20);margin-top:0;margin-bottom:0;margin-left:var(--wp--preset--spacing--70);margin-right:var(--wp--preset--spacing--70);\" class=\"wp-block-post-featured-image\"><a href=\"https:\/\/www.projektion.fi\/en\/2023\/09\/20\/onnistuneen-hr-digimuutoksen-hallitseminen\/\" target=\"_self\"  ><img loading=\"lazy\" decoding=\"async\" width=\"1280\" height=\"853\" src=\"https:\/\/www.projektion.fi\/wp-content\/uploads\/2023\/07\/hand-man-watch-1076597.jpg\" class=\"attachment-post-thumbnail size-post-thumbnail wp-post-image\" alt=\"Onnistuneen HR-digimuutoksen hallitseminen\" style=\"width:100%;height:100%;object-fit:cover;\" srcset=\"https:\/\/www.projektion.fi\/wp-content\/uploads\/2023\/07\/hand-man-watch-1076597.jpg 1280w, https:\/\/www.projektion.fi\/wp-content\/uploads\/2023\/07\/hand-man-watch-1076597-300x200.jpg 300w, https:\/\/www.projektion.fi\/wp-content\/uploads\/2023\/07\/hand-man-watch-1076597-1024x682.jpg 1024w, https:\/\/www.projektion.fi\/wp-content\/uploads\/2023\/07\/hand-man-watch-1076597-768x512.jpg 768w\" sizes=\"(max-width: 1280px) 100vw, 1280px\" \/><\/a><\/figure><\/div>\n\n\n\n<div class=\"wp-block-column is-layout-flow wp-block-column-is-layout-flow\" style=\"flex-basis:55.56%\"><h5 style=\"padding-top:0;padding-bottom:0;\" class=\"wp-block-post-title\"><a href=\"https:\/\/www.projektion.fi\/en\/2023\/09\/20\/onnistuneen-hr-digimuutoksen-hallitseminen\/\" target=\"_self\" >Onnistuneen HR-digimuutoksen hallitseminen<\/a><\/h5>\n\n<div class=\"taxonomy-post_tag wp-block-post-terms\"><a href=\"https:\/\/www.projektion.fi\/en\/tag\/hr-jarjestelmat\/\" rel=\"tag\">HR-j\u00e4rjestelm\u00e4t<\/a><span class=\"wp-block-post-terms__separator\">, <\/span><a href=\"https:\/\/www.projektion.fi\/en\/tag\/hris\/\" rel=\"tag\">HRIS<\/a><span class=\"wp-block-post-terms__separator\">, <\/span><a href=\"https:\/\/www.projektion.fi\/en\/tag\/project-management\/\" rel=\"tag\">Project Management<\/a><\/div>\n\n<div class=\"wp-block-post-excerpt\"><p class=\"wp-block-post-excerpt__excerpt\">Teknologia toimii nyky\u00e4\u00e4n kaikissa organisaatioissa strategian mahdollistajana. Yritykset hankkivat ja uudistavat tietoj\u00e4rjestelmi\u00e4 tehostaakseen toimintaansa, parantaakseen kannattavuuttaan ja lis\u00e4t\u00e4kseen liikevaihtoaan. HR ei poikkea muista organisaation osista vaan teknologian&hellip;<\/p><p class=\"wp-block-post-excerpt__more-text\"><a class=\"wp-block-post-excerpt__more-link\" href=\"https:\/\/www.projektion.fi\/en\/2023\/09\/20\/onnistuneen-hr-digimuutoksen-hallitseminen\/\"><a href=\"https:\/\/www.projektion.fi\/en\/2023\/09\/20\/tekoalyn-hyodyntaminen-tyovuorosuunnittelussa-mahdollistaa-kustannustehokkuuden-ja-henkilostokokemuksen-parantamisen\/\">Lue lis\u00e4\u00e4 \u00bb<\/a><\/a><\/p><\/div><\/div>\n<\/div>\n\n<\/li><\/ul><\/div>","protected":false},"excerpt":{"rendered":"","protected":false},"author":2,"featured_media":0,"parent":0,"menu_order":0,"comment_status":"closed","ping_status":"closed","template":"","meta":{"_uag_custom_page_level_css":"","site-sidebar-layout":"no-sidebar","site-content-layout":"plain-container","ast-site-content-layout":"normal-width-container","site-content-style":"unboxed","site-sidebar-style":"unboxed","ast-global-header-display":"","ast-banner-title-visibility":"","ast-main-header-display":"","ast-hfb-above-header-display":"","ast-hfb-below-header-display":"","ast-hfb-mobile-header-display":"","site-post-title":"disabled","ast-breadcrumbs-content":"","ast-featured-img":"disabled","footer-sml-layout":"","ast-disable-related-posts":"","theme-transparent-header-meta":"enabled","adv-header-id-meta":"","stick-header-meta":"","header-above-stick-meta":"","header-main-stick-meta":"","header-below-stick-meta":"","astra-migrate-meta-layouts":"set","ast-page-background-enabled":"default","ast-page-background-meta":{"desktop":{"background-color":"","background-image":"","background-repeat":"repeat","background-position":"center center","background-size":"auto","background-attachment":"scroll","background-type":"","background-media":"","overlay-type":"","overlay-color":"","overlay-opacity":"","overlay-gradient":""},"tablet":{"background-color":"","background-image":"","background-repeat":"repeat","background-position":"center center","background-size":"auto","background-attachment":"scroll","background-type":"","background-media":"","overlay-type":"","overlay-color":"","overlay-opacity":"","overlay-gradient":""},"mobile":{"background-color":"","background-image":"","background-repeat":"repeat","background-position":"center center","background-size":"auto","background-attachment":"scroll","background-type":"","background-media":"","overlay-type":"","overlay-color":"","overlay-opacity":"","overlay-gradient":""}},"ast-content-background-meta":{"desktop":{"background-color":"var(--ast-global-color-5)","background-image":"","background-repeat":"repeat","background-position":"center center","background-size":"auto","background-attachment":"scroll","background-type":"","background-media":"","overlay-type":"","overlay-color":"","overlay-opacity":"","overlay-gradient":""},"tablet":{"background-color":"var(--ast-global-color-5)","background-image":"","background-repeat":"repeat","background-position":"center center","background-size":"auto","background-attachment":"scroll","background-type":"","background-media":"","overlay-type":"","overlay-color":"","overlay-opacity":"","overlay-gradient":""},"mobile":{"background-color":"var(--ast-global-color-5)","background-image":"","background-repeat":"repeat","background-position":"center center","background-size":"auto","background-attachment":"scroll","background-type":"","background-media":"","overlay-type":"","overlay-color":"","overlay-opacity":"","overlay-gradient":""}},"footnotes":""},"class_list":["post-2937","page","type-page","status-publish","hentry"],"yoast_head":"<!-- This site is optimized with the Yoast SEO plugin v25.6 - https:\/\/yoast.com\/wordpress\/plugins\/seo\/ -->\n<title>Blogit | Projektion<\/title>\n<meta name=\"description\" content=\"Ulkopuolista n\u00e4k\u00f6kulmaa sujuvien ja tietoa tuottavien HR-prosessien ja HR-tietomallien suunnittelussa, testauksessa ja implementoinnissa\" \/>\n<meta name=\"robots\" content=\"index, follow, max-snippet:-1, max-image-preview:large, max-video-preview:-1\" \/>\n<link rel=\"canonical\" href=\"https:\/\/www.projektion.fi\/en\/blogs\/\" \/>\n<meta property=\"og:locale\" content=\"en_GB\" \/>\n<meta property=\"og:type\" content=\"article\" \/>\n<meta property=\"og:title\" content=\"Blogit | Projektion\" \/>\n<meta property=\"og:description\" content=\"Ulkopuolista n\u00e4k\u00f6kulmaa sujuvien ja tietoa tuottavien HR-prosessien ja HR-tietomallien suunnittelussa, testauksessa ja implementoinnissa\" \/>\n<meta property=\"og:url\" content=\"https:\/\/www.projektion.fi\/en\/blogs\/\" \/>\n<meta property=\"og:site_name\" content=\"Projektion\" \/>\n<meta property=\"article:modified_time\" content=\"2023-09-21T14:02:18+00:00\" \/>\n<meta name=\"twitter:card\" content=\"summary_large_image\" \/>\n<script type=\"application\/ld+json\" class=\"yoast-schema-graph\">{\"@context\":\"https:\/\/schema.org\",\"@graph\":[{\"@type\":\"WebPage\",\"@id\":\"https:\/\/www.projektion.fi\/blogs\/\",\"url\":\"https:\/\/www.projektion.fi\/blogs\/\",\"name\":\"Blogit | Projektion\",\"isPartOf\":{\"@id\":\"https:\/\/www.projektion.fi\/#website\"},\"datePublished\":\"2023-09-21T10:10:05+00:00\",\"dateModified\":\"2023-09-21T14:02:18+00:00\",\"description\":\"Ulkopuolista n\u00e4k\u00f6kulmaa sujuvien ja tietoa tuottavien HR-prosessien ja HR-tietomallien suunnittelussa, testauksessa ja implementoinnissa\",\"breadcrumb\":{\"@id\":\"https:\/\/www.projektion.fi\/blogs\/#breadcrumb\"},\"inLanguage\":\"en-GB\",\"potentialAction\":[{\"@type\":\"ReadAction\",\"target\":[\"https:\/\/www.projektion.fi\/blogs\/\"]}]},{\"@type\":\"BreadcrumbList\",\"@id\":\"https:\/\/www.projektion.fi\/blogs\/#breadcrumb\",\"itemListElement\":[{\"@type\":\"ListItem\",\"position\":1,\"name\":\"Etusivu\",\"item\":\"https:\/\/www.projektion.fi\/\"},{\"@type\":\"ListItem\",\"position\":2,\"name\":\"Blogit\"}]},{\"@type\":\"WebSite\",\"@id\":\"https:\/\/www.projektion.fi\/#website\",\"url\":\"https:\/\/www.projektion.fi\/\",\"name\":\"Projektion\",\"description\":\"Asiantuntijatukea organisaatioille henkil&ouml;st&ouml;ty&ouml;n digihankkeisiin\",\"publisher\":{\"@id\":\"https:\/\/www.projektion.fi\/#organization\"},\"potentialAction\":[{\"@type\":\"SearchAction\",\"target\":{\"@type\":\"EntryPoint\",\"urlTemplate\":\"https:\/\/www.projektion.fi\/?s={search_term_string}\"},\"query-input\":{\"@type\":\"PropertyValueSpecification\",\"valueRequired\":true,\"valueName\":\"search_term_string\"}}],\"inLanguage\":\"en-GB\"},{\"@type\":\"Organization\",\"@id\":\"https:\/\/www.projektion.fi\/#organization\",\"name\":\"Projektion\",\"url\":\"https:\/\/www.projektion.fi\/\",\"logo\":{\"@type\":\"ImageObject\",\"inLanguage\":\"en-GB\",\"@id\":\"https:\/\/www.projektion.fi\/#\/schema\/logo\/image\/\",\"url\":\"https:\/\/www.projektion.fi\/wp-content\/uploads\/2023\/09\/projektion2-e1693900214900.png\",\"contentUrl\":\"https:\/\/www.projektion.fi\/wp-content\/uploads\/2023\/09\/projektion2-e1693900214900.png\",\"width\":284,\"height\":111,\"caption\":\"Projektion\"},\"image\":{\"@id\":\"https:\/\/www.projektion.fi\/#\/schema\/logo\/image\/\"},\"sameAs\":[\"https:\/\/www.linkedin.com\/in\/mikkojarvinen\/\"]}]}<\/script>\n<!-- \/ Yoast SEO plugin. -->","yoast_head_json":{"title":"Blogit | Projektion","description":"Ulkopuolista n\u00e4k\u00f6kulmaa sujuvien ja tietoa tuottavien HR-prosessien ja HR-tietomallien suunnittelussa, testauksessa ja implementoinnissa","robots":{"index":"index","follow":"follow","max-snippet":"max-snippet:-1","max-image-preview":"max-image-preview:large","max-video-preview":"max-video-preview:-1"},"canonical":"https:\/\/www.projektion.fi\/en\/blogs\/","og_locale":"en_GB","og_type":"article","og_title":"Blogit | Projektion","og_description":"Ulkopuolista n\u00e4k\u00f6kulmaa sujuvien ja tietoa tuottavien HR-prosessien ja HR-tietomallien suunnittelussa, testauksessa ja implementoinnissa","og_url":"https:\/\/www.projektion.fi\/en\/blogs\/","og_site_name":"Projektion","article_modified_time":"2023-09-21T14:02:18+00:00","twitter_card":"summary_large_image","schema":{"@context":"https:\/\/schema.org","@graph":[{"@type":"WebPage","@id":"https:\/\/www.projektion.fi\/blogs\/","url":"https:\/\/www.projektion.fi\/blogs\/","name":"Blogit | Projektion","isPartOf":{"@id":"https:\/\/www.projektion.fi\/#website"},"datePublished":"2023-09-21T10:10:05+00:00","dateModified":"2023-09-21T14:02:18+00:00","description":"Ulkopuolista n\u00e4k\u00f6kulmaa sujuvien ja tietoa tuottavien HR-prosessien ja HR-tietomallien suunnittelussa, testauksessa ja implementoinnissa","breadcrumb":{"@id":"https:\/\/www.projektion.fi\/blogs\/#breadcrumb"},"inLanguage":"en-GB","potentialAction":[{"@type":"ReadAction","target":["https:\/\/www.projektion.fi\/blogs\/"]}]},{"@type":"BreadcrumbList","@id":"https:\/\/www.projektion.fi\/blogs\/#breadcrumb","itemListElement":[{"@type":"ListItem","position":1,"name":"Etusivu","item":"https:\/\/www.projektion.fi\/"},{"@type":"ListItem","position":2,"name":"Blogit"}]},{"@type":"WebSite","@id":"https:\/\/www.projektion.fi\/#website","url":"https:\/\/www.projektion.fi\/","name":"Projektion","description":"Asiantuntijatukea organisaatioille henkil&ouml;st&ouml;ty&ouml;n digihankkeisiin","publisher":{"@id":"https:\/\/www.projektion.fi\/#organization"},"potentialAction":[{"@type":"SearchAction","target":{"@type":"EntryPoint","urlTemplate":"https:\/\/www.projektion.fi\/?s={search_term_string}"},"query-input":{"@type":"PropertyValueSpecification","valueRequired":true,"valueName":"search_term_string"}}],"inLanguage":"en-GB"},{"@type":"Organization","@id":"https:\/\/www.projektion.fi\/#organization","name":"Projektion","url":"https:\/\/www.projektion.fi\/","logo":{"@type":"ImageObject","inLanguage":"en-GB","@id":"https:\/\/www.projektion.fi\/#\/schema\/logo\/image\/","url":"https:\/\/www.projektion.fi\/wp-content\/uploads\/2023\/09\/projektion2-e1693900214900.png","contentUrl":"https:\/\/www.projektion.fi\/wp-content\/uploads\/2023\/09\/projektion2-e1693900214900.png","width":284,"height":111,"caption":"Projektion"},"image":{"@id":"https:\/\/www.projektion.fi\/#\/schema\/logo\/image\/"},"sameAs":["https:\/\/www.linkedin.com\/in\/mikkojarvinen\/"]}]}},"uagb_featured_image_src":{"full":false,"thumbnail":false,"medium":false,"medium_large":false,"large":false,"1536x1536":false,"2048x2048":false,"trp-custom-language-flag":false},"uagb_author_info":{"display_name":"aleksi.koskinen@gmail.com","author_link":"https:\/\/www.projektion.fi\/en\/author\/aleksi-koskinengmail-com\/"},"uagb_comment_info":0,"uagb_excerpt":null,"_links":{"self":[{"href":"https:\/\/www.projektion.fi\/en\/wp-json\/wp\/v2\/pages\/2937"}],"collection":[{"href":"https:\/\/www.projektion.fi\/en\/wp-json\/wp\/v2\/pages"}],"about":[{"href":"https:\/\/www.projektion.fi\/en\/wp-json\/wp\/v2\/types\/page"}],"author":[{"embeddable":true,"href":"https:\/\/www.projektion.fi\/en\/wp-json\/wp\/v2\/users\/2"}],"replies":[{"embeddable":true,"href":"https:\/\/www.projektion.fi\/en\/wp-json\/wp\/v2\/comments?post=2937"}],"version-history":[{"count":18,"href":"https:\/\/www.projektion.fi\/en\/wp-json\/wp\/v2\/pages\/2937\/revisions"}],"predecessor-version":[{"id":2965,"href":"https:\/\/www.projektion.fi\/en\/wp-json\/wp\/v2\/pages\/2937\/revisions\/2965"}],"wp:attachment":[{"href":"https:\/\/www.projektion.fi\/en\/wp-json\/wp\/v2\/media?parent=2937"}],"curies":[{"name":"wp","href":"https:\/\/api.w.org\/{rel}","templated":true}]}}