{"id":2650,"date":"2023-08-08T09:21:44","date_gmt":"2023-08-08T07:21:44","guid":{"rendered":"https:\/\/www.projektion.fi\/?page_id=2650"},"modified":"2023-10-23T17:01:23","modified_gmt":"2023-10-23T15:01:23","slug":"tietosuojaseloste","status":"publish","type":"page","link":"https:\/\/www.projektion.fi\/en\/tietosuojaseloste\/","title":{"rendered":"Privacy statement"},"content":{"rendered":"<h2 class=\"wp-block-heading\">Who we are<\/h2>\n\n\n\n<p>This website is owned and maintained by Projektion Oy, whose business ID is 3375530-3.<\/p>\n\n\n\n<p>The address of our website is: https:\/\/www.projektion.fi.<\/p>\n\n\n\n<p>Phone number: 050 440 5199<\/p>\n\n\n\n<p>Email: mikko.jarvinen@projektion.fi<\/p>\n\n\n\n<h2 class=\"wp-block-heading\">Personal information<\/h2>\n\n\n\n<p>Site visitors cannot create credentials for the site. We do not collect or store personal information through this site. The contact form you leave sends an automatic email to the address mikko.jarvinen@projektion.fi and the message you send is not saved in the site's database.<\/p>\n\n\n\n<h2 class=\"wp-block-heading\">Cookies<\/h2>\n\n\n\n<p>T\u00e4m\u00e4 sivusto k\u00e4ytt\u00e4\u00e4 ev\u00e4steit\u00e4, joiden tarkoituksena on n\u00e4ytt\u00e4\u00e4 verkkosivusto vierailijalle. K\u00e4yt\u00e4mme ev\u00e4steit\u00e4 my\u00f6s  sosiaalisen median ominaisuuksien tukemiseen ja k\u00e4vij\u00e4m\u00e4\u00e4r\u00e4mme analysoimiseen. Lis\u00e4ksi jaamme sosiaalisen median, mainosalan ja analytiikka-alan kumppaneillemme tietoja siit\u00e4, miten k\u00e4yt\u00e4t sivustoamme. Sivuston vierailija voi erikseen hyv\u00e4ksy\u00e4 tai kielt\u00e4\u00e4 ev\u00e4stetietojen ker\u00e4\u00e4misen.<\/p>\n\n\n\n<h2 class=\"wp-block-heading\">Content embedded from other sites<\/h2>\n\n\n\n<p>Articles on this site may contain embedded content (for example, videos, images, articles). Opening embedded content imported from other sites is comparable to the visitor visiting a third-party site. These sites may collect information about you, use cookies, embed third-party tracking cookies, and monitor your interaction with the embedded content, including tracking your interaction if and when you are logged in as a user to the site.<\/p>\n\n\n\n<p><\/p>","protected":false},"excerpt":{"rendered":"<p>Keit\u00e4 olemme T\u00e4m\u00e4n sivuston omistaa ja yll\u00e4pit\u00e4\u00e4 Projektion Oy, jonka y-tunnus on 3375530-3. Verkkosivustomme osoite on: https:\/\/www.projektion.fi. Puhelinnumero: 050 440 5199 S\u00e4hk\u00f6posti: mikko.jarvinen@projektion.fi Henkil\u00f6tiedot Sivuston vierailijat eiv\u00e4t voi luoda tunnuksia sivustolle. Emme ker\u00e4\u00e4 tai tallenna henkil\u00f6tietoja t\u00e4m\u00e4n sivuston kautta. J\u00e4tt\u00e4m\u00e4si yhteydenottolomake l\u00e4hett\u00e4\u00e4 automaattisen s\u00e4hk\u00f6postin osoitteeseen mikko.jarvinen@projektion.fi eik\u00e4 l\u00e4hett\u00e4m\u00e4\u00e4si viesti\u00e4 tallenneta sivuston tietokantaan. Ev\u00e4steet T\u00e4m\u00e4 sivusto [&hellip;]<\/p>\n","protected":false},"author":1,"featured_media":0,"parent":0,"menu_order":0,"comment_status":"closed","ping_status":"closed","template":"","meta":{"_uag_custom_page_level_css":"","site-sidebar-layout":"default","site-content-layout":"","ast-site-content-layout":"default","site-content-style":"default","site-sidebar-style":"default","ast-global-header-display":"","ast-banner-title-visibility":"","ast-main-header-display":"","ast-hfb-above-header-display":"","ast-hfb-below-header-display":"","ast-hfb-mobile-header-display":"","site-post-title":"","ast-breadcrumbs-content":"","ast-featured-img":"","footer-sml-layout":"","ast-disable-related-posts":"","theme-transparent-header-meta":"","adv-header-id-meta":"","stick-header-meta":"","header-above-stick-meta":"","header-main-stick-meta":"","header-below-stick-meta":"","astra-migrate-meta-layouts":"set","ast-page-background-enabled":"default","ast-page-background-meta":{"desktop":{"background-color":"","background-image":"","background-repeat":"repeat","background-position":"center center","background-size":"auto","background-attachment":"scroll","background-type":"","background-media":"","overlay-type":"","overlay-color":"","overlay-opacity":"","overlay-gradient":""},"tablet":{"background-color":"","background-image":"","background-repeat":"repeat","background-position":"center center","background-size":"auto","background-attachment":"scroll","background-type":"","background-media":"","overlay-type":"","overlay-color":"","overlay-opacity":"","overlay-gradient":""},"mobile":{"background-color":"","background-image":"","background-repeat":"repeat","background-position":"center center","background-size":"auto","background-attachment":"scroll","background-type":"","background-media":"","overlay-type":"","overlay-color":"","overlay-opacity":"","overlay-gradient":""}},"ast-content-background-meta":{"desktop":{"background-color":"var(--ast-global-color-5)","background-image":"","background-repeat":"repeat","background-position":"center center","background-size":"auto","background-attachment":"scroll","background-type":"","background-media":"","overlay-type":"","overlay-color":"","overlay-opacity":"","overlay-gradient":""},"tablet":{"background-color":"var(--ast-global-color-5)","background-image":"","background-repeat":"repeat","background-position":"center center","background-size":"auto","background-attachment":"scroll","background-type":"","background-media":"","overlay-type":"","overlay-color":"","overlay-opacity":"","overlay-gradient":""},"mobile":{"background-color":"var(--ast-global-color-5)","background-image":"","background-repeat":"repeat","background-position":"center center","background-size":"auto","background-attachment":"scroll","background-type":"","background-media":"","overlay-type":"","overlay-color":"","overlay-opacity":"","overlay-gradient":""}},"footnotes":""},"class_list":["post-2650","page","type-page","status-publish","hentry"],"yoast_head":"<!-- This site is optimized with the Yoast SEO plugin v25.6 - https:\/\/yoast.com\/wordpress\/plugins\/seo\/ -->\n<title>Tietosuojaseloste | Projektion<\/title>\n<meta name=\"robots\" content=\"index, follow, max-snippet:-1, max-image-preview:large, max-video-preview:-1\" \/>\n<link rel=\"canonical\" href=\"https:\/\/www.projektion.fi\/en\/tietosuojaseloste\/\" \/>\n<meta property=\"og:locale\" content=\"en_GB\" \/>\n<meta property=\"og:type\" content=\"article\" \/>\n<meta property=\"og:title\" content=\"Tietosuojaseloste | Projektion\" \/>\n<meta property=\"og:description\" content=\"Keit\u00e4 olemme T\u00e4m\u00e4n sivuston omistaa ja yll\u00e4pit\u00e4\u00e4 Projektion Oy, jonka y-tunnus on 3375530-3. Verkkosivustomme osoite on: https:\/\/www.projektion.fi. Puhelinnumero: 050 440 5199 S\u00e4hk\u00f6posti: mikko.jarvinen@projektion.fi Henkil\u00f6tiedot Sivuston vierailijat eiv\u00e4t voi luoda tunnuksia sivustolle. Emme ker\u00e4\u00e4 tai tallenna henkil\u00f6tietoja t\u00e4m\u00e4n sivuston kautta. J\u00e4tt\u00e4m\u00e4si yhteydenottolomake l\u00e4hett\u00e4\u00e4 automaattisen s\u00e4hk\u00f6postin osoitteeseen mikko.jarvinen@projektion.fi eik\u00e4 l\u00e4hett\u00e4m\u00e4\u00e4si viesti\u00e4 tallenneta sivuston tietokantaan. Ev\u00e4steet T\u00e4m\u00e4 sivusto [&hellip;]\" \/>\n<meta property=\"og:url\" content=\"https:\/\/www.projektion.fi\/en\/tietosuojaseloste\/\" \/>\n<meta property=\"og:site_name\" content=\"Projektion\" \/>\n<meta property=\"article:modified_time\" content=\"2023-10-23T15:01:23+00:00\" \/>\n<meta name=\"twitter:card\" content=\"summary_large_image\" \/>\n<script type=\"application\/ld+json\" class=\"yoast-schema-graph\">{\"@context\":\"https:\/\/schema.org\",\"@graph\":[{\"@type\":\"WebPage\",\"@id\":\"https:\/\/www.projektion.fi\/tietosuojaseloste\/\",\"url\":\"https:\/\/www.projektion.fi\/tietosuojaseloste\/\",\"name\":\"Tietosuojaseloste | Projektion\",\"isPartOf\":{\"@id\":\"https:\/\/www.projektion.fi\/#website\"},\"datePublished\":\"2023-08-08T07:21:44+00:00\",\"dateModified\":\"2023-10-23T15:01:23+00:00\",\"breadcrumb\":{\"@id\":\"https:\/\/www.projektion.fi\/tietosuojaseloste\/#breadcrumb\"},\"inLanguage\":\"en-GB\",\"potentialAction\":[{\"@type\":\"ReadAction\",\"target\":[\"https:\/\/www.projektion.fi\/tietosuojaseloste\/\"]}]},{\"@type\":\"BreadcrumbList\",\"@id\":\"https:\/\/www.projektion.fi\/tietosuojaseloste\/#breadcrumb\",\"itemListElement\":[{\"@type\":\"ListItem\",\"position\":1,\"name\":\"Etusivu\",\"item\":\"https:\/\/www.projektion.fi\/\"},{\"@type\":\"ListItem\",\"position\":2,\"name\":\"Tietosuojaseloste\"}]},{\"@type\":\"WebSite\",\"@id\":\"https:\/\/www.projektion.fi\/#website\",\"url\":\"https:\/\/www.projektion.fi\/\",\"name\":\"Projektion\",\"description\":\"Asiantuntijatukea organisaatioille henkil&ouml;st&ouml;ty&ouml;n digihankkeisiin\",\"publisher\":{\"@id\":\"https:\/\/www.projektion.fi\/#organization\"},\"potentialAction\":[{\"@type\":\"SearchAction\",\"target\":{\"@type\":\"EntryPoint\",\"urlTemplate\":\"https:\/\/www.projektion.fi\/?s={search_term_string}\"},\"query-input\":{\"@type\":\"PropertyValueSpecification\",\"valueRequired\":true,\"valueName\":\"search_term_string\"}}],\"inLanguage\":\"en-GB\"},{\"@type\":\"Organization\",\"@id\":\"https:\/\/www.projektion.fi\/#organization\",\"name\":\"Projektion\",\"url\":\"https:\/\/www.projektion.fi\/\",\"logo\":{\"@type\":\"ImageObject\",\"inLanguage\":\"en-GB\",\"@id\":\"https:\/\/www.projektion.fi\/#\/schema\/logo\/image\/\",\"url\":\"https:\/\/www.projektion.fi\/wp-content\/uploads\/2023\/09\/projektion2-e1693900214900.png\",\"contentUrl\":\"https:\/\/www.projektion.fi\/wp-content\/uploads\/2023\/09\/projektion2-e1693900214900.png\",\"width\":284,\"height\":111,\"caption\":\"Projektion\"},\"image\":{\"@id\":\"https:\/\/www.projektion.fi\/#\/schema\/logo\/image\/\"},\"sameAs\":[\"https:\/\/www.linkedin.com\/in\/mikkojarvinen\/\"]}]}<\/script>\n<!-- \/ Yoast SEO plugin. -->","yoast_head_json":{"title":"Tietosuojaseloste | Projektion","robots":{"index":"index","follow":"follow","max-snippet":"max-snippet:-1","max-image-preview":"max-image-preview:large","max-video-preview":"max-video-preview:-1"},"canonical":"https:\/\/www.projektion.fi\/en\/tietosuojaseloste\/","og_locale":"en_GB","og_type":"article","og_title":"Tietosuojaseloste | Projektion","og_description":"Keit\u00e4 olemme T\u00e4m\u00e4n sivuston omistaa ja yll\u00e4pit\u00e4\u00e4 Projektion Oy, jonka y-tunnus on 3375530-3. Verkkosivustomme osoite on: https:\/\/www.projektion.fi. Puhelinnumero: 050 440 5199 S\u00e4hk\u00f6posti: mikko.jarvinen@projektion.fi Henkil\u00f6tiedot Sivuston vierailijat eiv\u00e4t voi luoda tunnuksia sivustolle. Emme ker\u00e4\u00e4 tai tallenna henkil\u00f6tietoja t\u00e4m\u00e4n sivuston kautta. J\u00e4tt\u00e4m\u00e4si yhteydenottolomake l\u00e4hett\u00e4\u00e4 automaattisen s\u00e4hk\u00f6postin osoitteeseen mikko.jarvinen@projektion.fi eik\u00e4 l\u00e4hett\u00e4m\u00e4\u00e4si viesti\u00e4 tallenneta sivuston tietokantaan. Ev\u00e4steet T\u00e4m\u00e4 sivusto [&hellip;]","og_url":"https:\/\/www.projektion.fi\/en\/tietosuojaseloste\/","og_site_name":"Projektion","article_modified_time":"2023-10-23T15:01:23+00:00","twitter_card":"summary_large_image","schema":{"@context":"https:\/\/schema.org","@graph":[{"@type":"WebPage","@id":"https:\/\/www.projektion.fi\/tietosuojaseloste\/","url":"https:\/\/www.projektion.fi\/tietosuojaseloste\/","name":"Tietosuojaseloste | Projektion","isPartOf":{"@id":"https:\/\/www.projektion.fi\/#website"},"datePublished":"2023-08-08T07:21:44+00:00","dateModified":"2023-10-23T15:01:23+00:00","breadcrumb":{"@id":"https:\/\/www.projektion.fi\/tietosuojaseloste\/#breadcrumb"},"inLanguage":"en-GB","potentialAction":[{"@type":"ReadAction","target":["https:\/\/www.projektion.fi\/tietosuojaseloste\/"]}]},{"@type":"BreadcrumbList","@id":"https:\/\/www.projektion.fi\/tietosuojaseloste\/#breadcrumb","itemListElement":[{"@type":"ListItem","position":1,"name":"Etusivu","item":"https:\/\/www.projektion.fi\/"},{"@type":"ListItem","position":2,"name":"Tietosuojaseloste"}]},{"@type":"WebSite","@id":"https:\/\/www.projektion.fi\/#website","url":"https:\/\/www.projektion.fi\/","name":"Projektion","description":"Asiantuntijatukea organisaatioille henkil&ouml;st&ouml;ty&ouml;n digihankkeisiin","publisher":{"@id":"https:\/\/www.projektion.fi\/#organization"},"potentialAction":[{"@type":"SearchAction","target":{"@type":"EntryPoint","urlTemplate":"https:\/\/www.projektion.fi\/?s={search_term_string}"},"query-input":{"@type":"PropertyValueSpecification","valueRequired":true,"valueName":"search_term_string"}}],"inLanguage":"en-GB"},{"@type":"Organization","@id":"https:\/\/www.projektion.fi\/#organization","name":"Projektion","url":"https:\/\/www.projektion.fi\/","logo":{"@type":"ImageObject","inLanguage":"en-GB","@id":"https:\/\/www.projektion.fi\/#\/schema\/logo\/image\/","url":"https:\/\/www.projektion.fi\/wp-content\/uploads\/2023\/09\/projektion2-e1693900214900.png","contentUrl":"https:\/\/www.projektion.fi\/wp-content\/uploads\/2023\/09\/projektion2-e1693900214900.png","width":284,"height":111,"caption":"Projektion"},"image":{"@id":"https:\/\/www.projektion.fi\/#\/schema\/logo\/image\/"},"sameAs":["https:\/\/www.linkedin.com\/in\/mikkojarvinen\/"]}]}},"uagb_featured_image_src":{"full":false,"thumbnail":false,"medium":false,"medium_large":false,"large":false,"1536x1536":false,"2048x2048":false,"trp-custom-language-flag":false},"uagb_author_info":{"display_name":"admin","author_link":"https:\/\/www.projektion.fi\/en\/author\/admin\/"},"uagb_comment_info":0,"uagb_excerpt":"Keit\u00e4 olemme T\u00e4m\u00e4n sivuston omistaa ja yll\u00e4pit\u00e4\u00e4 Projektion Oy, jonka y-tunnus on 3375530-3. Verkkosivustomme osoite on: https:\/\/www.projektion.fi. Puhelinnumero: 050 440 5199 S\u00e4hk\u00f6posti: mikko.jarvinen@projektion.fi Henkil\u00f6tiedot Sivuston vierailijat eiv\u00e4t voi luoda tunnuksia sivustolle. Emme ker\u00e4\u00e4 tai tallenna henkil\u00f6tietoja t\u00e4m\u00e4n sivuston kautta. J\u00e4tt\u00e4m\u00e4si yhteydenottolomake l\u00e4hett\u00e4\u00e4 automaattisen s\u00e4hk\u00f6postin osoitteeseen mikko.jarvinen@projektion.fi eik\u00e4 l\u00e4hett\u00e4m\u00e4\u00e4si viesti\u00e4 tallenneta sivuston tietokantaan. Ev\u00e4steet T\u00e4m\u00e4 sivusto&hellip;","_links":{"self":[{"href":"https:\/\/www.projektion.fi\/en\/wp-json\/wp\/v2\/pages\/2650"}],"collection":[{"href":"https:\/\/www.projektion.fi\/en\/wp-json\/wp\/v2\/pages"}],"about":[{"href":"https:\/\/www.projektion.fi\/en\/wp-json\/wp\/v2\/types\/page"}],"author":[{"embeddable":true,"href":"https:\/\/www.projektion.fi\/en\/wp-json\/wp\/v2\/users\/1"}],"replies":[{"embeddable":true,"href":"https:\/\/www.projektion.fi\/en\/wp-json\/wp\/v2\/comments?post=2650"}],"version-history":[{"count":4,"href":"https:\/\/www.projektion.fi\/en\/wp-json\/wp\/v2\/pages\/2650\/revisions"}],"predecessor-version":[{"id":2995,"href":"https:\/\/www.projektion.fi\/en\/wp-json\/wp\/v2\/pages\/2650\/revisions\/2995"}],"wp:attachment":[{"href":"https:\/\/www.projektion.fi\/en\/wp-json\/wp\/v2\/media?parent=2650"}],"curies":[{"name":"wp","href":"https:\/\/api.w.org\/{rel}","templated":true}]}}