{"id":248,"date":"2020-10-12T02:55:00","date_gmt":"2020-10-12T02:55:00","guid":{"rendered":"https:\/\/www.projektion.fi\/about-us\/"},"modified":"2023-09-21T18:40:05","modified_gmt":"2023-09-21T16:40:05","slug":"lisaa-minusta","status":"publish","type":"page","link":"https:\/\/www.projektion.fi\/en\/lisaa-minusta\/","title":{"rendered":"More about me"},"content":{"rendered":"<div class=\"wp-block-uagb-container uagb-block-88fd19fe alignfull uagb-is-root-container\"><div class=\"uagb-container-inner-blocks-wrap\">\n<div class=\"wp-block-uagb-advanced-heading uagb-block-a1415b7d\"><h2 class=\"uagb-heading-text\">Results are achieved through cooperation and expertise<\/h2><\/div>\n\n\n\n<div class=\"wp-block-uagb-container uagb-block-b69efa59\"><\/div>\n<\/div><\/div>\n\n\n\n<div class=\"wp-block-uagb-advanced-heading uagb-block-fb802003\"><h6 class=\"uagb-heading-text\"><strong>ME<\/strong><\/h6><\/div>\n\n\n\n<div class=\"wp-block-uagb-advanced-heading uagb-block-5039c966\"><h3 class=\"uagb-heading-text\">A reliable expert for your help<\/h3><p class=\"uagb-desc-text\">I have more than 15 years of experience in various HR tasks. I have worked as an HR expert, project manager, HR manager, HR Business Partner, supervisor and member of the HR management team. I have extensive expertise in the different areas of personnel work and an understanding of how they can be improved with the help of technology to support the operations of organizations.<br><br>I like working with others and by nature I am positive and approachable. I have been told that I know how to inspire and get people involved in thinking about working solutions for a common goal. I use modern working methods and, for example, I implement virtual workshops with the help of Miro. Because of my systematic and practical close approach, I make sure that projects progress according to their goals and that everyone knows what to aim for.<br><br>I want to be involved in improving the quality of Finnish working life, building the best workplaces and winning organizations. I believe that with the help of smooth digital services, organizations can make their operations more efficient, save costs, and improve the personnel experience, which is reflected positively in customer encounters and results.<br><br>Read more about my thoughts and ideas on my <a rel=\"noreferrer noopener\" href=\"https:\/\/www.linkedin.com\/in\/mikkojarvinen\/\" target=\"_blank\">blog on LinkedIn.<\/a>.<\/p><\/div>\n\n\n\n<div class=\"wp-block-uagb-container uagb-block-2509bb96 alignfull uagb-is-root-container\"><div class=\"uagb-container-inner-blocks-wrap\">\n<div class=\"wp-block-buttons is-content-justification-center is-layout-flex wp-container-core-buttons-is-layout-1 wp-block-buttons-is-layout-flex\">\n<div class=\"wp-block-button\"><a class=\"wp-block-button__link wp-element-button\" href=\"https:\/\/www.projektion.fi\/wp-content\/uploads\/2023\/08\/Jarvinen-Mikko-CV-2023-ENG-and-FIN.pdf\" target=\"_blank\" rel=\"noreferrer noopener\">My resume<\/a><\/div>\n<\/div>\n<\/div><\/div>\n\n\n\n<div class=\"wp-block-uagb-advanced-heading uagb-block-afd180d3\"><h6 class=\"uagb-heading-text\">MY SKILLS<\/h6><\/div>\n\n\n\n<div class=\"wp-block-uagb-icon-list uagb-block-c85b1e98\"><div class=\"uagb-icon-list__wrap\">\n<div class=\"wp-block-uagb-icon-list-child uagb-block-a767c897\"><span class=\"uagb-icon-list__source-wrap\"><svg xmlns=\"https:\/\/www.w3.org\/2000\/svg\" viewbox=\"0 0 512 512\"><path d=\"M0 256C0 114.6 114.6 0 256 0C397.4 0 512 114.6 512 256C512 397.4 397.4 512 256 512C114.6 512 0 397.4 0 256zM371.8 211.8C382.7 200.9 382.7 183.1 371.8 172.2C360.9 161.3 343.1 161.3 332.2 172.2L224 280.4L179.8 236.2C168.9 225.3 151.1 225.3 140.2 236.2C129.3 247.1 129.3 264.9 140.2 275.8L204.2 339.8C215.1 350.7 232.9 350.7 243.8 339.8L371.8 211.8z\"><\/path><\/svg><\/span><span class=\"uagb-icon-list__label\">Support and development of HR processes for supervisors<\/span><\/div>\n\n\n\n<div class=\"wp-block-uagb-icon-list-child uagb-block-05079d0f\"><span class=\"uagb-icon-list__source-wrap\"><svg xmlns=\"https:\/\/www.w3.org\/2000\/svg\" viewbox=\"0 0 512 512\"><path d=\"M0 256C0 114.6 114.6 0 256 0C397.4 0 512 114.6 512 256C512 397.4 397.4 512 256 512C114.6 512 0 397.4 0 256zM371.8 211.8C382.7 200.9 382.7 183.1 371.8 172.2C360.9 161.3 343.1 161.3 332.2 172.2L224 280.4L179.8 236.2C168.9 225.3 151.1 225.3 140.2 236.2C129.3 247.1 129.3 264.9 140.2 275.8L204.2 339.8C215.1 350.7 232.9 350.7 243.8 339.8L371.8 211.8z\"><\/path><\/svg><\/span><span class=\"uagb-icon-list__label\">HR systems and technologies<\/span><\/div>\n\n\n\n<div class=\"wp-block-uagb-icon-list-child uagb-block-413f34da\"><span class=\"uagb-icon-list__source-wrap\"><svg xmlns=\"https:\/\/www.w3.org\/2000\/svg\" viewbox=\"0 0 512 512\"><path d=\"M0 256C0 114.6 114.6 0 256 0C397.4 0 512 114.6 512 256C512 397.4 397.4 512 256 512C114.6 512 0 397.4 0 256zM371.8 211.8C382.7 200.9 382.7 183.1 371.8 172.2C360.9 161.3 343.1 161.3 332.2 172.2L224 280.4L179.8 236.2C168.9 225.3 151.1 225.3 140.2 236.2C129.3 247.1 129.3 264.9 140.2 275.8L204.2 339.8C215.1 350.7 232.9 350.7 243.8 339.8L371.8 211.8z\"><\/path><\/svg><\/span><span class=\"uagb-icon-list__label\">Project and change management<\/span><\/div>\n\n\n\n<div class=\"wp-block-uagb-icon-list-child uagb-block-1314616c\"><span class=\"uagb-icon-list__source-wrap\"><svg xmlns=\"https:\/\/www.w3.org\/2000\/svg\" viewbox=\"0 0 512 512\"><path d=\"M0 256C0 114.6 114.6 0 256 0C397.4 0 512 114.6 512 256C512 397.4 397.4 512 256 512C114.6 512 0 397.4 0 256zM371.8 211.8C382.7 200.9 382.7 183.1 371.8 172.2C360.9 161.3 343.1 161.3 332.2 172.2L224 280.4L179.8 236.2C168.9 225.3 151.1 225.3 140.2 236.2C129.3 247.1 129.3 264.9 140.2 275.8L204.2 339.8C215.1 350.7 232.9 350.7 243.8 339.8L371.8 211.8z\"><\/path><\/svg><\/span><span class=\"uagb-icon-list__label\">Participatory methods and facilitation skills<\/span><\/div>\n\n\n\n<div class=\"wp-block-uagb-icon-list-child uagb-block-0407d5e2\"><span class=\"uagb-icon-list__source-wrap\"><svg xmlns=\"https:\/\/www.w3.org\/2000\/svg\" viewbox=\"0 0 512 512\"><path d=\"M0 256C0 114.6 114.6 0 256 0C397.4 0 512 114.6 512 256C512 397.4 397.4 512 256 512C114.6 512 0 397.4 0 256zM371.8 211.8C382.7 200.9 382.7 183.1 371.8 172.2C360.9 161.3 343.1 161.3 332.2 172.2L224 280.4L179.8 236.2C168.9 225.3 151.1 225.3 140.2 236.2C129.3 247.1 129.3 264.9 140.2 275.8L204.2 339.8C215.1 350.7 232.9 350.7 243.8 339.8L371.8 211.8z\"><\/path><\/svg><\/span><span class=\"uagb-icon-list__label\">Agile methods and service design<\/span><\/div>\n\n\n\n<div class=\"wp-block-uagb-icon-list-child uagb-block-665364c8\"><span class=\"uagb-icon-list__source-wrap\"><svg xmlns=\"https:\/\/www.w3.org\/2000\/svg\" viewbox=\"0 0 512 512\"><path d=\"M0 256C0 114.6 114.6 0 256 0C397.4 0 512 114.6 512 256C512 397.4 397.4 512 256 512C114.6 512 0 397.4 0 256zM371.8 211.8C382.7 200.9 382.7 183.1 371.8 172.2C360.9 161.3 343.1 161.3 332.2 172.2L224 280.4L179.8 236.2C168.9 225.3 151.1 225.3 140.2 236.2C129.3 247.1 129.3 264.9 140.2 275.8L204.2 339.8C215.1 350.7 232.9 350.7 243.8 339.8L371.8 211.8z\"><\/path><\/svg><\/span><span class=\"uagb-icon-list__label\">HR reporting, metrics and data processing<\/span><\/div>\n<\/div><\/div>\n\n\n\n<div data-aos= \"fade-up\" data-aos-duration=\"400\" data-aos-delay=\"0\" data-aos-easing=\"ease\" data-aos-once=\"true\" class=\"wp-block-uagb-container uagb-block-8e85ea45 alignfull uagb-is-root-container\"><div class=\"uagb-container-inner-blocks-wrap\">\n<div data-aos= \"fade-up\" data-aos-duration=\"400\" data-aos-delay=\"0\" data-aos-easing=\"ease\" data-aos-once=\"true\" class=\"wp-block-uagb-container uagb-block-d97807cb\">\n<div class=\"wp-block-uagb-container uagb-block-1c98684e\">\n<figure class=\"wp-block-image size-large\"><img loading=\"lazy\" decoding=\"async\" width=\"1024\" height=\"693\" src=\"https:\/\/www.projektion.fi\/wp-content\/uploads\/2023\/07\/brands-people-Ax8IA8GAjVg-unsplash-2-1024x693.jpg\" alt=\"\" class=\"wp-image-463\" srcset=\"https:\/\/www.projektion.fi\/wp-content\/uploads\/2023\/07\/brands-people-Ax8IA8GAjVg-unsplash-2-1024x693.jpg 1024w, https:\/\/www.projektion.fi\/wp-content\/uploads\/2023\/07\/brands-people-Ax8IA8GAjVg-unsplash-2-300x203.jpg 300w, https:\/\/www.projektion.fi\/wp-content\/uploads\/2023\/07\/brands-people-Ax8IA8GAjVg-unsplash-2-768x520.jpg 768w\" sizes=\"(max-width: 1024px) 100vw, 1024px\" \/><\/figure>\n<\/div>\n\n\n\n<div class=\"wp-block-uagb-container uagb-block-012abbc7\">\n<div class=\"wp-block-uagb-advanced-heading uagb-block-7e8bcf14\"><h6 class=\"uagb-heading-text\"><strong>COMPANY<\/strong><\/h6><\/div>\n\n\n\n<div class=\"wp-block-uagb-advanced-heading uagb-block-738fdc81\"><h3 class=\"uagb-heading-text\">Support for companies and organizations<\/h3><p class=\"uagb-desc-text\">Projektion Oy offers expert support to organizations in the different phases of the digitization of personnel work. Through my company, I support organizations in digital transformation, from analysis of the needs of the initial situation to tendering and procurement of new technology, as well as in implementation projects and their subsequent continuous development and maintenance.<br><br>Projektion is currently a company employing one person, whose operations have started in August 2023. The company has the operating conditions according to the Customer Liability Act in order. Expertise in the field and concrete results can be found over a period of more than 15 years.<\/p><\/div>\n<\/div>\n<\/div>\n<\/div><\/div>\n\n\n\n<div class=\"wp-block-buttons is-content-justification-center is-layout-flex wp-container-core-buttons-is-layout-2 wp-block-buttons-is-layout-flex\">\n<div class=\"wp-block-button\"><a class=\"wp-block-button__link wp-element-button\" href=\"https:\/\/www.projektion.fi\/en\/\">Homepage<\/a><\/div>\n\n\n\n<div class=\"wp-block-button\"><a class=\"wp-block-button__link wp-element-button\" href=\"https:\/\/www.projektion.fi\/en\/palvelut\/\">Services<\/a><\/div>\n\n\n\n<div class=\"wp-block-button\"><a class=\"wp-block-button__link has-text-align-center wp-element-button\" href=\"https:\/\/www.projektion.fi\/wp-content\/uploads\/2023\/08\/Jarvinen-Mikko-CV-2023-ENG-and-FIN-sin.pdf\">My resume<\/a><\/div>\n<\/div>","protected":false},"excerpt":{"rendered":"<p>Yhteisty\u00f6ll\u00e4 ja osaamisella saavutetaan tuloksia MIN\u00c4 Luotettava osaaja apunanne Minulla on yli 15 vuoden kokemus erilaisista HR-teht\u00e4vist\u00e4. Olen toiminut HR-asiantuntijana, projektip\u00e4\u00e4llikk\u00f6n\u00e4, HR-p\u00e4\u00e4llikk\u00f6n\u00e4, HR Business Partnerina, esihenkil\u00f6n\u00e4 ja HR-johtoryhm\u00e4n j\u00e4senen\u00e4. Minulla on laaja osaaminen henkil\u00f6st\u00f6ty\u00f6n eri osa-alueista ja ymm\u00e4rryst\u00e4 siit\u00e4 miten teknologian avulla niit\u00e4 voidaan parantaa tukemaan organisaatioiden toimintaa. Pid\u00e4n ty\u00f6skentelyst\u00e4 muiden kanssa ja luonteeltani olen [&hellip;]<\/p>\n","protected":false},"author":1,"featured_media":0,"parent":0,"menu_order":0,"comment_status":"closed","ping_status":"closed","template":"","meta":{"_uag_custom_page_level_css":"","site-sidebar-layout":"no-sidebar","site-content-layout":"plain-container","ast-site-content-layout":"normal-width-container","site-content-style":"unboxed","site-sidebar-style":"unboxed","ast-global-header-display":"","ast-banner-title-visibility":"","ast-main-header-display":"","ast-hfb-above-header-display":"","ast-hfb-below-header-display":"","ast-hfb-mobile-header-display":"","site-post-title":"disabled","ast-breadcrumbs-content":"","ast-featured-img":"disabled","footer-sml-layout":"","ast-disable-related-posts":"","theme-transparent-header-meta":"enabled","adv-header-id-meta":"","stick-header-meta":"","header-above-stick-meta":"","header-main-stick-meta":"","header-below-stick-meta":"","astra-migrate-meta-layouts":"set","ast-page-background-enabled":"default","ast-page-background-meta":{"desktop":{"background-color":"","background-image":"","background-repeat":"repeat","background-position":"center center","background-size":"auto","background-attachment":"scroll","background-type":"","background-media":"","overlay-type":"","overlay-color":"","overlay-opacity":"","overlay-gradient":""},"tablet":{"background-color":"","background-image":"","background-repeat":"repeat","background-position":"center center","background-size":"auto","background-attachment":"scroll","background-type":"","background-media":"","overlay-type":"","overlay-color":"","overlay-opacity":"","overlay-gradient":""},"mobile":{"background-color":"","background-image":"","background-repeat":"repeat","background-position":"center center","background-size":"auto","background-attachment":"scroll","background-type":"","background-media":"","overlay-type":"","overlay-color":"","overlay-opacity":"","overlay-gradient":""}},"ast-content-background-meta":{"desktop":{"background-color":"var(--ast-global-color-5)","background-image":"","background-repeat":"repeat","background-position":"center center","background-size":"auto","background-attachment":"scroll","background-type":"","background-media":"","overlay-type":"","overlay-color":"","overlay-opacity":"","overlay-gradient":""},"tablet":{"background-color":"var(--ast-global-color-5)","background-image":"","background-repeat":"repeat","background-position":"center center","background-size":"auto","background-attachment":"scroll","background-type":"","background-media":"","overlay-type":"","overlay-color":"","overlay-opacity":"","overlay-gradient":""},"mobile":{"background-color":"var(--ast-global-color-5)","background-image":"","background-repeat":"repeat","background-position":"center center","background-size":"auto","background-attachment":"scroll","background-type":"","background-media":"","overlay-type":"","overlay-color":"","overlay-opacity":"","overlay-gradient":""}},"footnotes":""},"class_list":["post-248","page","type-page","status-publish","hentry"],"yoast_head":"<!-- This site is optimized with the Yoast SEO plugin v25.6 - https:\/\/yoast.com\/wordpress\/plugins\/seo\/ -->\n<title>Lis\u00e4\u00e4 minusta | Projektion<\/title>\n<meta name=\"description\" content=\"Minulla on yli 15 vuoden kokemus erilaisista HR-teht\u00e4vist\u00e4. Olen toiminut HR-asiantuntijana, projektip\u00e4\u00e4llikk\u00f6n\u00e4, HR-p\u00e4\u00e4llikk\u00f6n\u00e4 ja HR-johtoryhm\u00e4n j\u00e4senen\u00e4\" \/>\n<meta name=\"robots\" content=\"index, follow, max-snippet:-1, max-image-preview:large, max-video-preview:-1\" \/>\n<link rel=\"canonical\" href=\"https:\/\/www.projektion.fi\/en\/lisaa-minusta\/\" \/>\n<meta property=\"og:locale\" content=\"en_GB\" \/>\n<meta property=\"og:type\" content=\"article\" \/>\n<meta property=\"og:title\" content=\"Lis\u00e4\u00e4 minusta | Projektion\" \/>\n<meta property=\"og:description\" content=\"Minulla on yli 15 vuoden kokemus erilaisista HR-teht\u00e4vist\u00e4. Olen toiminut HR-asiantuntijana, projektip\u00e4\u00e4llikk\u00f6n\u00e4, HR-p\u00e4\u00e4llikk\u00f6n\u00e4 ja HR-johtoryhm\u00e4n j\u00e4senen\u00e4\" \/>\n<meta property=\"og:url\" content=\"https:\/\/www.projektion.fi\/en\/lisaa-minusta\/\" \/>\n<meta property=\"og:site_name\" content=\"Projektion\" \/>\n<meta property=\"article:modified_time\" content=\"2023-09-21T16:40:05+00:00\" \/>\n<meta property=\"og:image\" content=\"https:\/\/www.projektion.fi\/wp-content\/uploads\/2023\/07\/brands-people-Ax8IA8GAjVg-unsplash-2-1024x693.jpg\" \/>\n<meta name=\"twitter:card\" content=\"summary_large_image\" \/>\n<script type=\"application\/ld+json\" class=\"yoast-schema-graph\">{\"@context\":\"https:\/\/schema.org\",\"@graph\":[{\"@type\":\"WebPage\",\"@id\":\"https:\/\/www.projektion.fi\/lisaa-minusta\/\",\"url\":\"https:\/\/www.projektion.fi\/lisaa-minusta\/\",\"name\":\"Lis\u00e4\u00e4 minusta | Projektion\",\"isPartOf\":{\"@id\":\"https:\/\/www.projektion.fi\/#website\"},\"primaryImageOfPage\":{\"@id\":\"https:\/\/www.projektion.fi\/lisaa-minusta\/#primaryimage\"},\"image\":{\"@id\":\"https:\/\/www.projektion.fi\/lisaa-minusta\/#primaryimage\"},\"thumbnailUrl\":\"https:\/\/www.projektion.fi\/wp-content\/uploads\/2023\/07\/brands-people-Ax8IA8GAjVg-unsplash-2-1024x693.jpg\",\"datePublished\":\"2020-10-12T02:55:00+00:00\",\"dateModified\":\"2023-09-21T16:40:05+00:00\",\"description\":\"Minulla on yli 15 vuoden kokemus erilaisista HR-teht\u00e4vist\u00e4. Olen toiminut HR-asiantuntijana, projektip\u00e4\u00e4llikk\u00f6n\u00e4, HR-p\u00e4\u00e4llikk\u00f6n\u00e4 ja HR-johtoryhm\u00e4n j\u00e4senen\u00e4\",\"breadcrumb\":{\"@id\":\"https:\/\/www.projektion.fi\/lisaa-minusta\/#breadcrumb\"},\"inLanguage\":\"en-GB\",\"potentialAction\":[{\"@type\":\"ReadAction\",\"target\":[\"https:\/\/www.projektion.fi\/lisaa-minusta\/\"]}]},{\"@type\":\"ImageObject\",\"inLanguage\":\"en-GB\",\"@id\":\"https:\/\/www.projektion.fi\/lisaa-minusta\/#primaryimage\",\"url\":\"https:\/\/www.projektion.fi\/wp-content\/uploads\/2023\/07\/brands-people-Ax8IA8GAjVg-unsplash-2-1024x693.jpg\",\"contentUrl\":\"https:\/\/www.projektion.fi\/wp-content\/uploads\/2023\/07\/brands-people-Ax8IA8GAjVg-unsplash-2-1024x693.jpg\"},{\"@type\":\"BreadcrumbList\",\"@id\":\"https:\/\/www.projektion.fi\/lisaa-minusta\/#breadcrumb\",\"itemListElement\":[{\"@type\":\"ListItem\",\"position\":1,\"name\":\"Etusivu\",\"item\":\"https:\/\/www.projektion.fi\/\"},{\"@type\":\"ListItem\",\"position\":2,\"name\":\"Lis\u00e4\u00e4 minusta\"}]},{\"@type\":\"WebSite\",\"@id\":\"https:\/\/www.projektion.fi\/#website\",\"url\":\"https:\/\/www.projektion.fi\/\",\"name\":\"Projektion\",\"description\":\"Asiantuntijatukea organisaatioille henkil&ouml;st&ouml;ty&ouml;n digihankkeisiin\",\"publisher\":{\"@id\":\"https:\/\/www.projektion.fi\/#organization\"},\"potentialAction\":[{\"@type\":\"SearchAction\",\"target\":{\"@type\":\"EntryPoint\",\"urlTemplate\":\"https:\/\/www.projektion.fi\/?s={search_term_string}\"},\"query-input\":{\"@type\":\"PropertyValueSpecification\",\"valueRequired\":true,\"valueName\":\"search_term_string\"}}],\"inLanguage\":\"en-GB\"},{\"@type\":\"Organization\",\"@id\":\"https:\/\/www.projektion.fi\/#organization\",\"name\":\"Projektion\",\"url\":\"https:\/\/www.projektion.fi\/\",\"logo\":{\"@type\":\"ImageObject\",\"inLanguage\":\"en-GB\",\"@id\":\"https:\/\/www.projektion.fi\/#\/schema\/logo\/image\/\",\"url\":\"https:\/\/www.projektion.fi\/wp-content\/uploads\/2023\/09\/projektion2-e1693900214900.png\",\"contentUrl\":\"https:\/\/www.projektion.fi\/wp-content\/uploads\/2023\/09\/projektion2-e1693900214900.png\",\"width\":284,\"height\":111,\"caption\":\"Projektion\"},\"image\":{\"@id\":\"https:\/\/www.projektion.fi\/#\/schema\/logo\/image\/\"},\"sameAs\":[\"https:\/\/www.linkedin.com\/in\/mikkojarvinen\/\"]}]}<\/script>\n<!-- \/ Yoast SEO plugin. -->","yoast_head_json":{"title":"Lis\u00e4\u00e4 minusta | Projektion","description":"Minulla on yli 15 vuoden kokemus erilaisista HR-teht\u00e4vist\u00e4. Olen toiminut HR-asiantuntijana, projektip\u00e4\u00e4llikk\u00f6n\u00e4, HR-p\u00e4\u00e4llikk\u00f6n\u00e4 ja HR-johtoryhm\u00e4n j\u00e4senen\u00e4","robots":{"index":"index","follow":"follow","max-snippet":"max-snippet:-1","max-image-preview":"max-image-preview:large","max-video-preview":"max-video-preview:-1"},"canonical":"https:\/\/www.projektion.fi\/en\/lisaa-minusta\/","og_locale":"en_GB","og_type":"article","og_title":"Lis\u00e4\u00e4 minusta | Projektion","og_description":"Minulla on yli 15 vuoden kokemus erilaisista HR-teht\u00e4vist\u00e4. Olen toiminut HR-asiantuntijana, projektip\u00e4\u00e4llikk\u00f6n\u00e4, HR-p\u00e4\u00e4llikk\u00f6n\u00e4 ja HR-johtoryhm\u00e4n j\u00e4senen\u00e4","og_url":"https:\/\/www.projektion.fi\/en\/lisaa-minusta\/","og_site_name":"Projektion","article_modified_time":"2023-09-21T16:40:05+00:00","og_image":[{"url":"https:\/\/www.projektion.fi\/wp-content\/uploads\/2023\/07\/brands-people-Ax8IA8GAjVg-unsplash-2-1024x693.jpg","type":"","width":"","height":""}],"twitter_card":"summary_large_image","schema":{"@context":"https:\/\/schema.org","@graph":[{"@type":"WebPage","@id":"https:\/\/www.projektion.fi\/lisaa-minusta\/","url":"https:\/\/www.projektion.fi\/lisaa-minusta\/","name":"Lis\u00e4\u00e4 minusta | Projektion","isPartOf":{"@id":"https:\/\/www.projektion.fi\/#website"},"primaryImageOfPage":{"@id":"https:\/\/www.projektion.fi\/lisaa-minusta\/#primaryimage"},"image":{"@id":"https:\/\/www.projektion.fi\/lisaa-minusta\/#primaryimage"},"thumbnailUrl":"https:\/\/www.projektion.fi\/wp-content\/uploads\/2023\/07\/brands-people-Ax8IA8GAjVg-unsplash-2-1024x693.jpg","datePublished":"2020-10-12T02:55:00+00:00","dateModified":"2023-09-21T16:40:05+00:00","description":"Minulla on yli 15 vuoden kokemus erilaisista HR-teht\u00e4vist\u00e4. Olen toiminut HR-asiantuntijana, projektip\u00e4\u00e4llikk\u00f6n\u00e4, HR-p\u00e4\u00e4llikk\u00f6n\u00e4 ja HR-johtoryhm\u00e4n j\u00e4senen\u00e4","breadcrumb":{"@id":"https:\/\/www.projektion.fi\/lisaa-minusta\/#breadcrumb"},"inLanguage":"en-GB","potentialAction":[{"@type":"ReadAction","target":["https:\/\/www.projektion.fi\/lisaa-minusta\/"]}]},{"@type":"ImageObject","inLanguage":"en-GB","@id":"https:\/\/www.projektion.fi\/lisaa-minusta\/#primaryimage","url":"https:\/\/www.projektion.fi\/wp-content\/uploads\/2023\/07\/brands-people-Ax8IA8GAjVg-unsplash-2-1024x693.jpg","contentUrl":"https:\/\/www.projektion.fi\/wp-content\/uploads\/2023\/07\/brands-people-Ax8IA8GAjVg-unsplash-2-1024x693.jpg"},{"@type":"BreadcrumbList","@id":"https:\/\/www.projektion.fi\/lisaa-minusta\/#breadcrumb","itemListElement":[{"@type":"ListItem","position":1,"name":"Etusivu","item":"https:\/\/www.projektion.fi\/"},{"@type":"ListItem","position":2,"name":"Lis\u00e4\u00e4 minusta"}]},{"@type":"WebSite","@id":"https:\/\/www.projektion.fi\/#website","url":"https:\/\/www.projektion.fi\/","name":"Projektion","description":"Asiantuntijatukea organisaatioille henkil&ouml;st&ouml;ty&ouml;n digihankkeisiin","publisher":{"@id":"https:\/\/www.projektion.fi\/#organization"},"potentialAction":[{"@type":"SearchAction","target":{"@type":"EntryPoint","urlTemplate":"https:\/\/www.projektion.fi\/?s={search_term_string}"},"query-input":{"@type":"PropertyValueSpecification","valueRequired":true,"valueName":"search_term_string"}}],"inLanguage":"en-GB"},{"@type":"Organization","@id":"https:\/\/www.projektion.fi\/#organization","name":"Projektion","url":"https:\/\/www.projektion.fi\/","logo":{"@type":"ImageObject","inLanguage":"en-GB","@id":"https:\/\/www.projektion.fi\/#\/schema\/logo\/image\/","url":"https:\/\/www.projektion.fi\/wp-content\/uploads\/2023\/09\/projektion2-e1693900214900.png","contentUrl":"https:\/\/www.projektion.fi\/wp-content\/uploads\/2023\/09\/projektion2-e1693900214900.png","width":284,"height":111,"caption":"Projektion"},"image":{"@id":"https:\/\/www.projektion.fi\/#\/schema\/logo\/image\/"},"sameAs":["https:\/\/www.linkedin.com\/in\/mikkojarvinen\/"]}]}},"uagb_featured_image_src":{"full":false,"thumbnail":false,"medium":false,"medium_large":false,"large":false,"1536x1536":false,"2048x2048":false,"trp-custom-language-flag":false},"uagb_author_info":{"display_name":"admin","author_link":"https:\/\/www.projektion.fi\/en\/author\/admin\/"},"uagb_comment_info":0,"uagb_excerpt":"Yhteisty\u00f6ll\u00e4 ja osaamisella saavutetaan tuloksia MIN\u00c4 Luotettava osaaja apunanne Minulla on yli 15 vuoden kokemus erilaisista HR-teht\u00e4vist\u00e4. Olen toiminut HR-asiantuntijana, projektip\u00e4\u00e4llikk\u00f6n\u00e4, HR-p\u00e4\u00e4llikk\u00f6n\u00e4, HR Business Partnerina, esihenkil\u00f6n\u00e4 ja HR-johtoryhm\u00e4n j\u00e4senen\u00e4. Minulla on laaja osaaminen henkil\u00f6st\u00f6ty\u00f6n eri osa-alueista ja ymm\u00e4rryst\u00e4 siit\u00e4 miten teknologian avulla niit\u00e4 voidaan parantaa tukemaan organisaatioiden toimintaa. Pid\u00e4n ty\u00f6skentelyst\u00e4 muiden kanssa ja luonteeltani olen&hellip;","_links":{"self":[{"href":"https:\/\/www.projektion.fi\/en\/wp-json\/wp\/v2\/pages\/248"}],"collection":[{"href":"https:\/\/www.projektion.fi\/en\/wp-json\/wp\/v2\/pages"}],"about":[{"href":"https:\/\/www.projektion.fi\/en\/wp-json\/wp\/v2\/types\/page"}],"author":[{"embeddable":true,"href":"https:\/\/www.projektion.fi\/en\/wp-json\/wp\/v2\/users\/1"}],"replies":[{"embeddable":true,"href":"https:\/\/www.projektion.fi\/en\/wp-json\/wp\/v2\/comments?post=248"}],"version-history":[{"count":53,"href":"https:\/\/www.projektion.fi\/en\/wp-json\/wp\/v2\/pages\/248\/revisions"}],"predecessor-version":[{"id":2979,"href":"https:\/\/www.projektion.fi\/en\/wp-json\/wp\/v2\/pages\/248\/revisions\/2979"}],"wp:attachment":[{"href":"https:\/\/www.projektion.fi\/en\/wp-json\/wp\/v2\/media?parent=248"}],"curies":[{"name":"wp","href":"https:\/\/api.w.org\/{rel}","templated":true}]}}