{"id":2392,"date":"2023-08-03T12:20:17","date_gmt":"2023-08-03T12:20:17","guid":{"rendered":"https:\/\/www.projektion.fi\/?page_id=2392"},"modified":"2023-09-06T20:42:03","modified_gmt":"2023-09-06T18:42:03","slug":"ota-yhteytta","status":"publish","type":"page","link":"https:\/\/www.projektion.fi\/en\/ota-yhteytta\/","title":{"rendered":"Ota yhteytt\u00e4"},"content":{"rendered":"<div class=\"wp-block-uagb-info-box uagb-block-b53e6304 uagb-infobox__content-wrap  uagb-infobox-icon-above-title uagb-infobox-image-valign-top\"><div class=\"uagb-ifb-content\"><div class=\"uagb-ifb-icon-wrap\"><svg xmlns=\"https:\/\/www.w3.org\/2000\/svg\" viewbox=\"0 0 512 512\"><path d=\"M511.1 63.1v287.1c0 35.25-28.75 63.1-64 63.1h-144l-124.9 93.68c-7.875 5.75-19.12 .0497-19.12-9.7v-83.98h-96c-35.25 0-64-28.75-64-63.1V63.1c0-35.25 28.75-63.1 64-63.1h384C483.2 0 511.1 28.75 511.1 63.1z\"><\/path><\/svg><\/div><div class=\"uagb-ifb-title-wrap\"><h3 class=\"uagb-ifb-title\">Were you interested? <br>Get in touch and hopefully we'll talk soon!<\/h3><\/div><\/div><\/div>\n\n\n\n<div class=\"wp-block-columns is-layout-flex wp-container-core-columns-is-layout-1 wp-block-columns-is-layout-flex\">\n<div class=\"wp-block-column is-layout-flow wp-block-column-is-layout-flow\" style=\"flex-basis:50%\">\n<figure class=\"wp-block-image aligncenter size-full\"><img loading=\"lazy\" decoding=\"async\" width=\"200\" height=\"200\" src=\"https:\/\/www.projektion.fi\/wp-content\/uploads\/2023\/08\/1521061786156.jpg\" alt=\"\" class=\"wp-image-2652\" srcset=\"https:\/\/www.projektion.fi\/wp-content\/uploads\/2023\/08\/1521061786156.jpg 200w, https:\/\/www.projektion.fi\/wp-content\/uploads\/2023\/08\/1521061786156-150x150.jpg 150w\" sizes=\"(max-width: 200px) 100vw, 200px\" \/><\/figure>\n<\/div>\n\n\n\n<div class=\"wp-block-column is-layout-flow wp-block-column-is-layout-flow\" style=\"flex-basis:50%\">\n<p><strong>Mikko J\u00e4rvinen<\/strong><br>Freelancer, consultant, CEO<\/p>\n\n\n\n<p><a href=\"tel:+358504405199\">tel:+358504405199<\/a><\/p>\n\n\n\n<p><a href=\"mailto:mikko.jarvinen@projektion.fi\">Email mikko.jarvinen@projektion.fi<\/a><\/p>\n\n\n\n<p>Projektion Oy<br>Business ID: 3375530-3<\/p>\n\n\n\n<ul class=\"wp-block-social-links is-layout-flex wp-block-social-links-is-layout-flex\"><li class=\"wp-social-link wp-social-link-linkedin  wp-block-social-link\"><a href=\"https:\/\/www.linkedin.com\/in\/mikkojarvinen\/\" class=\"wp-block-social-link-anchor\"><svg width=\"24\" height=\"24\" viewbox=\"0 0 24 24\" version=\"1.1\" xmlns=\"http:\/\/www.w3.org\/2000\/svg\" aria-hidden=\"true\" focusable=\"false\"><path d=\"M19.7,3H4.3C3.582,3,3,3.582,3,4.3v15.4C3,20.418,3.582,21,4.3,21h15.4c0.718,0,1.3-0.582,1.3-1.3V4.3 C21,3.582,20.418,3,19.7,3z M8.339,18.338H5.667v-8.59h2.672V18.338z M7.004,8.574c-0.857,0-1.549-0.694-1.549-1.548 c0-0.855,0.691-1.548,1.549-1.548c0.854,0,1.547,0.694,1.547,1.548C8.551,7.881,7.858,8.574,7.004,8.574z M18.339,18.338h-2.669 v-4.177c0-0.996-0.017-2.278-1.387-2.278c-1.389,0-1.601,1.086-1.601,2.206v4.249h-2.667v-8.59h2.559v1.174h0.037 c0.356-0.675,1.227-1.387,2.526-1.387c2.703,0,3.203,1.779,3.203,4.092V18.338z\"><\/path><\/svg><span class=\"wp-block-social-link-label screen-reader-text\">LinkedIn<\/span><\/a><\/li><\/ul>\n<\/div>\n<\/div>","protected":false},"excerpt":{"rendered":"<p>Mikko J\u00e4rvinenFreelancer, konsultti, toimitusjohtaja Puh. 050 440 5199 S\u00e4hk\u00f6p. mikko.jarvinen@projektion.fi Projektion OyY-tunnus: 3375530-3<\/p>","protected":false},"author":1,"featured_media":0,"parent":0,"menu_order":0,"comment_status":"closed","ping_status":"closed","template":"","meta":{"_uag_custom_page_level_css":"","site-sidebar-layout":"no-sidebar","site-content-layout":"boxed-container","ast-site-content-layout":"normal-width-container","site-content-style":"default","site-sidebar-style":"default","ast-global-header-display":"","ast-banner-title-visibility":"","ast-main-header-display":"","ast-hfb-above-header-display":"","ast-hfb-below-header-display":"","ast-hfb-mobile-header-display":"","site-post-title":"disabled","ast-breadcrumbs-content":"","ast-featured-img":"","footer-sml-layout":"","ast-disable-related-posts":"","theme-transparent-header-meta":"","adv-header-id-meta":"","stick-header-meta":"","header-above-stick-meta":"","header-main-stick-meta":"","header-below-stick-meta":"","astra-migrate-meta-layouts":"set","ast-page-background-enabled":"default","ast-page-background-meta":{"desktop":{"background-color":"","background-image":"","background-repeat":"repeat","background-position":"center center","background-size":"auto","background-attachment":"scroll","background-type":"","background-media":"","overlay-type":"","overlay-color":"","overlay-opacity":"","overlay-gradient":""},"tablet":{"background-color":"","background-image":"","background-repeat":"repeat","background-position":"center center","background-size":"auto","background-attachment":"scroll","background-type":"","background-media":"","overlay-type":"","overlay-color":"","overlay-opacity":"","overlay-gradient":""},"mobile":{"background-color":"","background-image":"","background-repeat":"repeat","background-position":"center center","background-size":"auto","background-attachment":"scroll","background-type":"","background-media":"","overlay-type":"","overlay-color":"","overlay-opacity":"","overlay-gradient":""}},"ast-content-background-meta":{"desktop":{"background-color":"var(--ast-global-color-5)","background-image":"","background-repeat":"repeat","background-position":"center center","background-size":"auto","background-attachment":"scroll","background-type":"","background-media":"","overlay-type":"","overlay-color":"","overlay-opacity":"","overlay-gradient":""},"tablet":{"background-color":"var(--ast-global-color-5)","background-image":"","background-repeat":"repeat","background-position":"center center","background-size":"auto","background-attachment":"scroll","background-type":"","background-media":"","overlay-type":"","overlay-color":"","overlay-opacity":"","overlay-gradient":""},"mobile":{"background-color":"var(--ast-global-color-5)","background-image":"","background-repeat":"repeat","background-position":"center center","background-size":"auto","background-attachment":"scroll","background-type":"","background-media":"","overlay-type":"","overlay-color":"","overlay-opacity":"","overlay-gradient":""}},"footnotes":""},"class_list":["post-2392","page","type-page","status-publish","hentry"],"yoast_head":"<!-- This site is optimized with the Yoast SEO plugin v25.6 - https:\/\/yoast.com\/wordpress\/plugins\/seo\/ -->\n<title>Ota yhteytt\u00e4 | Projektion<\/title>\n<meta name=\"description\" content=\"Kiinnostuitko? Ota yhteytt\u00e4 ja keskustellaan tilanteestanne ja mahdollisista ratkaisuista ja ideoista. Soita tai laita viesti\" \/>\n<meta name=\"robots\" content=\"index, follow, max-snippet:-1, max-image-preview:large, max-video-preview:-1\" \/>\n<link rel=\"canonical\" href=\"https:\/\/www.projektion.fi\/en\/ota-yhteytta\/\" \/>\n<meta property=\"og:locale\" content=\"en_GB\" \/>\n<meta property=\"og:type\" content=\"article\" \/>\n<meta property=\"og:title\" content=\"Ota yhteytt\u00e4 | Projektion\" \/>\n<meta property=\"og:description\" content=\"Kiinnostuitko? Ota yhteytt\u00e4 ja keskustellaan tilanteestanne ja mahdollisista ratkaisuista ja ideoista. Soita tai laita viesti\" \/>\n<meta property=\"og:url\" content=\"https:\/\/www.projektion.fi\/en\/ota-yhteytta\/\" \/>\n<meta property=\"og:site_name\" content=\"Projektion\" \/>\n<meta property=\"article:modified_time\" content=\"2023-09-06T18:42:03+00:00\" \/>\n<meta property=\"og:image\" content=\"https:\/\/www.projektion.fi\/wp-content\/uploads\/2023\/08\/1521061786156.jpg\" \/>\n<meta name=\"twitter:card\" content=\"summary_large_image\" \/>\n<script type=\"application\/ld+json\" class=\"yoast-schema-graph\">{\"@context\":\"https:\/\/schema.org\",\"@graph\":[{\"@type\":\"WebPage\",\"@id\":\"https:\/\/www.projektion.fi\/ota-yhteytta\/\",\"url\":\"https:\/\/www.projektion.fi\/ota-yhteytta\/\",\"name\":\"Ota yhteytt\u00e4 | Projektion\",\"isPartOf\":{\"@id\":\"https:\/\/www.projektion.fi\/#website\"},\"primaryImageOfPage\":{\"@id\":\"https:\/\/www.projektion.fi\/ota-yhteytta\/#primaryimage\"},\"image\":{\"@id\":\"https:\/\/www.projektion.fi\/ota-yhteytta\/#primaryimage\"},\"thumbnailUrl\":\"https:\/\/www.projektion.fi\/wp-content\/uploads\/2023\/08\/1521061786156.jpg\",\"datePublished\":\"2023-08-03T12:20:17+00:00\",\"dateModified\":\"2023-09-06T18:42:03+00:00\",\"description\":\"Kiinnostuitko? Ota yhteytt\u00e4 ja keskustellaan tilanteestanne ja mahdollisista ratkaisuista ja ideoista. Soita tai laita viesti\",\"breadcrumb\":{\"@id\":\"https:\/\/www.projektion.fi\/ota-yhteytta\/#breadcrumb\"},\"inLanguage\":\"en-GB\",\"potentialAction\":[{\"@type\":\"ReadAction\",\"target\":[\"https:\/\/www.projektion.fi\/ota-yhteytta\/\"]}]},{\"@type\":\"ImageObject\",\"inLanguage\":\"en-GB\",\"@id\":\"https:\/\/www.projektion.fi\/ota-yhteytta\/#primaryimage\",\"url\":\"https:\/\/www.projektion.fi\/wp-content\/uploads\/2023\/08\/1521061786156.jpg\",\"contentUrl\":\"https:\/\/www.projektion.fi\/wp-content\/uploads\/2023\/08\/1521061786156.jpg\"},{\"@type\":\"BreadcrumbList\",\"@id\":\"https:\/\/www.projektion.fi\/ota-yhteytta\/#breadcrumb\",\"itemListElement\":[{\"@type\":\"ListItem\",\"position\":1,\"name\":\"Etusivu\",\"item\":\"https:\/\/www.projektion.fi\/\"},{\"@type\":\"ListItem\",\"position\":2,\"name\":\"Ota yhteytt\u00e4\"}]},{\"@type\":\"WebSite\",\"@id\":\"https:\/\/www.projektion.fi\/#website\",\"url\":\"https:\/\/www.projektion.fi\/\",\"name\":\"Projektion\",\"description\":\"Asiantuntijatukea organisaatioille henkil&ouml;st&ouml;ty&ouml;n digihankkeisiin\",\"publisher\":{\"@id\":\"https:\/\/www.projektion.fi\/#organization\"},\"potentialAction\":[{\"@type\":\"SearchAction\",\"target\":{\"@type\":\"EntryPoint\",\"urlTemplate\":\"https:\/\/www.projektion.fi\/?s={search_term_string}\"},\"query-input\":{\"@type\":\"PropertyValueSpecification\",\"valueRequired\":true,\"valueName\":\"search_term_string\"}}],\"inLanguage\":\"en-GB\"},{\"@type\":\"Organization\",\"@id\":\"https:\/\/www.projektion.fi\/#organization\",\"name\":\"Projektion\",\"url\":\"https:\/\/www.projektion.fi\/\",\"logo\":{\"@type\":\"ImageObject\",\"inLanguage\":\"en-GB\",\"@id\":\"https:\/\/www.projektion.fi\/#\/schema\/logo\/image\/\",\"url\":\"https:\/\/www.projektion.fi\/wp-content\/uploads\/2023\/09\/projektion2-e1693900214900.png\",\"contentUrl\":\"https:\/\/www.projektion.fi\/wp-content\/uploads\/2023\/09\/projektion2-e1693900214900.png\",\"width\":284,\"height\":111,\"caption\":\"Projektion\"},\"image\":{\"@id\":\"https:\/\/www.projektion.fi\/#\/schema\/logo\/image\/\"},\"sameAs\":[\"https:\/\/www.linkedin.com\/in\/mikkojarvinen\/\"]}]}<\/script>\n<!-- \/ Yoast SEO plugin. -->","yoast_head_json":{"title":"Ota yhteytt\u00e4 | Projektion","description":"Kiinnostuitko? Ota yhteytt\u00e4 ja keskustellaan tilanteestanne ja mahdollisista ratkaisuista ja ideoista. Soita tai laita viesti","robots":{"index":"index","follow":"follow","max-snippet":"max-snippet:-1","max-image-preview":"max-image-preview:large","max-video-preview":"max-video-preview:-1"},"canonical":"https:\/\/www.projektion.fi\/en\/ota-yhteytta\/","og_locale":"en_GB","og_type":"article","og_title":"Ota yhteytt\u00e4 | Projektion","og_description":"Kiinnostuitko? Ota yhteytt\u00e4 ja keskustellaan tilanteestanne ja mahdollisista ratkaisuista ja ideoista. Soita tai laita viesti","og_url":"https:\/\/www.projektion.fi\/en\/ota-yhteytta\/","og_site_name":"Projektion","article_modified_time":"2023-09-06T18:42:03+00:00","og_image":[{"url":"https:\/\/www.projektion.fi\/wp-content\/uploads\/2023\/08\/1521061786156.jpg","type":"","width":"","height":""}],"twitter_card":"summary_large_image","schema":{"@context":"https:\/\/schema.org","@graph":[{"@type":"WebPage","@id":"https:\/\/www.projektion.fi\/ota-yhteytta\/","url":"https:\/\/www.projektion.fi\/ota-yhteytta\/","name":"Ota yhteytt\u00e4 | Projektion","isPartOf":{"@id":"https:\/\/www.projektion.fi\/#website"},"primaryImageOfPage":{"@id":"https:\/\/www.projektion.fi\/ota-yhteytta\/#primaryimage"},"image":{"@id":"https:\/\/www.projektion.fi\/ota-yhteytta\/#primaryimage"},"thumbnailUrl":"https:\/\/www.projektion.fi\/wp-content\/uploads\/2023\/08\/1521061786156.jpg","datePublished":"2023-08-03T12:20:17+00:00","dateModified":"2023-09-06T18:42:03+00:00","description":"Kiinnostuitko? Ota yhteytt\u00e4 ja keskustellaan tilanteestanne ja mahdollisista ratkaisuista ja ideoista. Soita tai laita viesti","breadcrumb":{"@id":"https:\/\/www.projektion.fi\/ota-yhteytta\/#breadcrumb"},"inLanguage":"en-GB","potentialAction":[{"@type":"ReadAction","target":["https:\/\/www.projektion.fi\/ota-yhteytta\/"]}]},{"@type":"ImageObject","inLanguage":"en-GB","@id":"https:\/\/www.projektion.fi\/ota-yhteytta\/#primaryimage","url":"https:\/\/www.projektion.fi\/wp-content\/uploads\/2023\/08\/1521061786156.jpg","contentUrl":"https:\/\/www.projektion.fi\/wp-content\/uploads\/2023\/08\/1521061786156.jpg"},{"@type":"BreadcrumbList","@id":"https:\/\/www.projektion.fi\/ota-yhteytta\/#breadcrumb","itemListElement":[{"@type":"ListItem","position":1,"name":"Etusivu","item":"https:\/\/www.projektion.fi\/"},{"@type":"ListItem","position":2,"name":"Ota yhteytt\u00e4"}]},{"@type":"WebSite","@id":"https:\/\/www.projektion.fi\/#website","url":"https:\/\/www.projektion.fi\/","name":"Projektion","description":"Asiantuntijatukea organisaatioille henkil&ouml;st&ouml;ty&ouml;n digihankkeisiin","publisher":{"@id":"https:\/\/www.projektion.fi\/#organization"},"potentialAction":[{"@type":"SearchAction","target":{"@type":"EntryPoint","urlTemplate":"https:\/\/www.projektion.fi\/?s={search_term_string}"},"query-input":{"@type":"PropertyValueSpecification","valueRequired":true,"valueName":"search_term_string"}}],"inLanguage":"en-GB"},{"@type":"Organization","@id":"https:\/\/www.projektion.fi\/#organization","name":"Projektion","url":"https:\/\/www.projektion.fi\/","logo":{"@type":"ImageObject","inLanguage":"en-GB","@id":"https:\/\/www.projektion.fi\/#\/schema\/logo\/image\/","url":"https:\/\/www.projektion.fi\/wp-content\/uploads\/2023\/09\/projektion2-e1693900214900.png","contentUrl":"https:\/\/www.projektion.fi\/wp-content\/uploads\/2023\/09\/projektion2-e1693900214900.png","width":284,"height":111,"caption":"Projektion"},"image":{"@id":"https:\/\/www.projektion.fi\/#\/schema\/logo\/image\/"},"sameAs":["https:\/\/www.linkedin.com\/in\/mikkojarvinen\/"]}]}},"uagb_featured_image_src":{"full":false,"thumbnail":false,"medium":false,"medium_large":false,"large":false,"1536x1536":false,"2048x2048":false,"trp-custom-language-flag":false},"uagb_author_info":{"display_name":"admin","author_link":"https:\/\/www.projektion.fi\/en\/author\/admin\/"},"uagb_comment_info":0,"uagb_excerpt":"Mikko J\u00e4rvinenFreelancer, konsultti, toimitusjohtaja Puh. 050 440 5199 S\u00e4hk\u00f6p. mikko.jarvinen@projektion.fi Projektion OyY-tunnus: 3375530-3","_links":{"self":[{"href":"https:\/\/www.projektion.fi\/en\/wp-json\/wp\/v2\/pages\/2392"}],"collection":[{"href":"https:\/\/www.projektion.fi\/en\/wp-json\/wp\/v2\/pages"}],"about":[{"href":"https:\/\/www.projektion.fi\/en\/wp-json\/wp\/v2\/types\/page"}],"author":[{"embeddable":true,"href":"https:\/\/www.projektion.fi\/en\/wp-json\/wp\/v2\/users\/1"}],"replies":[{"embeddable":true,"href":"https:\/\/www.projektion.fi\/en\/wp-json\/wp\/v2\/comments?post=2392"}],"version-history":[{"count":22,"href":"https:\/\/www.projektion.fi\/en\/wp-json\/wp\/v2\/pages\/2392\/revisions"}],"predecessor-version":[{"id":2771,"href":"https:\/\/www.projektion.fi\/en\/wp-json\/wp\/v2\/pages\/2392\/revisions\/2771"}],"wp:attachment":[{"href":"https:\/\/www.projektion.fi\/en\/wp-json\/wp\/v2\/media?parent=2392"}],"curies":[{"name":"wp","href":"https:\/\/api.w.org\/{rel}","templated":true}]}}